{"id":75,"date":"2022-01-18T15:01:46","date_gmt":"2022-01-18T14:01:46","guid":{"rendered":"https:\/\/verkleiderei.ch\/?page_id=75"},"modified":"2026-04-08T16:20:56","modified_gmt":"2026-04-08T15:20:56","slug":"kontakt","status":"publish","type":"page","link":"https:\/\/verkleiderei.ch\/index.php\/kontakt\/","title":{"rendered":"Kontakt"},"content":{"rendered":"<div  class='flex_column av-yi6r-1fbd7019133e86a0a19de190c6d564de av_one_fourth  avia-builder-el-0  el_before_av_one_half  avia-builder-el-first  first flex_column_div  '     ><\/div>\n<div  class='flex_column av-gtov-c413c709609223a7a9f79181c0ad14af av_one_half  avia-builder-el-1  el_after_av_one_fourth  el_before_av_one_fourth  flex_column_div  '     ><p>\n<style type=\"text\/css\" data-created_by=\"avia_inline_auto\" id=\"style-css-av-kyk76ppa-8070d341c25f1ccb85335e5fb1d83744\">\n#top .av_textblock_section.av-kyk76ppa-8070d341c25f1ccb85335e5fb1d83744 .avia_textblock{\nfont-size:16px;\ntext-align:center;\n}\n<\/style>\n<section  class='av_textblock_section av-kyk76ppa-8070d341c25f1ccb85335e5fb1d83744 '   itemscope=\"itemscope\" itemtype=\"https:\/\/schema.org\/CreativeWork\" ><div class='avia_textblock'  itemprop=\"text\" ><p>Verkleiderei<br \/>\nMietkost\u00fcme f\u00fcr Zeitreisende<br \/>\nC\u00e9line Arnaud<br \/>\nBauelenzelgstrasse 20<br \/>\n8193 Eglisau<\/p>\n<p>044 860 88 36<br \/>\nkontakt[at]verkleiderei.ch<br \/>\n\n<style type=\"text\/css\" data-created_by=\"avia_inline_auto\" id=\"style-css-av-530km-d20527e1186dcb0a21c8a6ac607f9803\">\n#top .hr.hr-invisible.av-530km-d20527e1186dcb0a21c8a6ac607f9803{\nheight:20px;\n}\n<\/style>\n<div  class='hr av-530km-d20527e1186dcb0a21c8a6ac607f9803 hr-invisible  avia-builder-el-3  el_before_av_hr  avia-builder-el-first '><span class='hr-inner '><span class=\"hr-inner-style\"><\/span><\/span><\/div><br \/>\n\n<style type=\"text\/css\" data-created_by=\"avia_inline_auto\" id=\"style-css-av-4ekmu-76e354f894e13f6bbcb48ec8d66b322a\">\n#top .hr.hr-invisible.av-4ekmu-76e354f894e13f6bbcb48ec8d66b322a{\nheight:20px;\n}\n<\/style>\n<div  class='hr av-4ekmu-76e354f894e13f6bbcb48ec8d66b322a hr-invisible  avia-builder-el-4  el_after_av_hr  avia-builder-el-last '><span class='hr-inner '><span class=\"hr-inner-style\"><\/span><\/span><\/div><\/p>\n<\/div><\/section><br \/>\n\n<style type=\"text\/css\" data-created_by=\"avia_inline_auto\" id=\"style-css-av-kyk7d1x8-d153ec4908c2289215b023cc4249ab2a\">\n#top .av_textblock_section.av-kyk7d1x8-d153ec4908c2289215b023cc4249ab2a .avia_textblock{\nfont-size:22px;\ntext-align:center;\n}\n<\/style>\n<section  class='av_textblock_section av-kyk7d1x8-d153ec4908c2289215b023cc4249ab2a '   itemscope=\"itemscope\" itemtype=\"https:\/\/schema.org\/CreativeWork\" ><div class='avia_textblock'  itemprop=\"text\" ><p><strong>Anfahrt<\/strong><\/p>\n<\/div><\/section><br \/>\n\n<style type=\"text\/css\" data-created_by=\"avia_inline_auto\" id=\"style-css-av-kyk7daxt-d87c1454deb05f538412ab6532ff65fa\">\n#top .av_textblock_section.av-kyk7daxt-d87c1454deb05f538412ab6532ff65fa .avia_textblock{\nfont-size:16px;\ntext-align:center;\n}\n<\/style>\n<section  class='av_textblock_section av-kyk7daxt-d87c1454deb05f538412ab6532ff65fa '   itemscope=\"itemscope\" itemtype=\"https:\/\/schema.org\/CreativeWork\" ><div class='avia_textblock'  itemprop=\"text\" ><p>Mit der S9 f\u00e4hrst du bequem bis zum Bahnhof H\u00fcntwangen-Wil. Ab da sind es 4 Minuten zu Fuss: Geh vorbei am Migrosgeb\u00e4ude bis zu dem grossen, weissen Haus namens Elan Park, dort drin befindet sich die Verkleiderei.<\/p>\n<p>F\u00fcr Kunden, die mit dem Auto anreisen, sind Besucher-Parkpl\u00e4tze direkt vor dem Geb\u00e4ude vorhanden.<\/p>\n<p>Die Verkleiderei ist mit dem Rollstuhl erreichbar.<\/p>\n\n<style type=\"text\/css\" data-created_by=\"avia_inline_auto\" id=\"style-css-av-19mnu-cb5b8c142800d9fdc13314f0529aa919\">\n#top .hr.hr-invisible.av-19mnu-cb5b8c142800d9fdc13314f0529aa919{\nheight:20px;\n}\n<\/style>\n<div  class='hr av-19mnu-cb5b8c142800d9fdc13314f0529aa919 hr-invisible  avia-builder-el-7  avia-builder-el-no-sibling '><span class='hr-inner '><span class=\"hr-inner-style\"><\/span><\/span><\/div>\n<\/div><\/section><br \/>\n\n<style type=\"text\/css\" data-created_by=\"avia_inline_auto\" id=\"style-css-av-1klxz-eb937986be1c0be296af0192fcd4f979\">\n#top .hr.hr-invisible.av-1klxz-eb937986be1c0be296af0192fcd4f979{\nheight:50px;\n}\n<\/style>\n<div  class='hr av-1klxz-eb937986be1c0be296af0192fcd4f979 hr-invisible  avia-builder-el-8  el_after_av_textblock  el_before_av_codeblock '><span class='hr-inner '><span class=\"hr-inner-style\"><\/span><\/span><\/div><br \/>\n<\/p><\/div>\n<div  class='flex_column av-22ej3-1c84bb1ccee61bac3c35a95c67fd129a av_one_fourth  avia-builder-el-10  el_after_av_one_half  el_before_av_one_third  flex_column_div  '     ><\/div>\n<div  class='flex_column av-3qlqj-359ff91c8c0df88b3e4e51454787605d av_one_third  avia-builder-el-11  el_after_av_one_fourth  el_before_av_one_third  first flex_column_div  column-top-margin'     ><\/div>\n<div  class='flex_column av-3gq3r-22801b62a9c75d36000544f7ffdd721e av_one_third  avia-builder-el-12  el_after_av_one_third  el_before_av_one_third  flex_column_div  column-top-margin'     ><form action=\"https:\/\/verkleiderei.ch\/index.php\/kontakt\/\" method=\"post\" data-fields-with-error=\"Found errors in the following field(s):\" class=\"avia_ajax_form av-form-labels-visible   avia-builder-el-13  avia-builder-el-no-sibling  av-custom-form-color av-dark-form \" data-avia-form-id=\"1\" data-avia-redirect='' ><fieldset><p class='  first_form  form_element form_fullwidth' id='element_avia_1_1'><label for=\"avia_1_1\">Name <abbr class=\"required\" title=\"required\">*<\/abbr><\/label> <input name=\"avia_1_1\" class=\"text_input is_empty\" type=\"text\" id=\"avia_1_1\" value=\"\" \/><\/p><p class='  first_form  form_element form_fullwidth' id='element_avia_2_1'><label for=\"avia_2_1\">E-Mail <abbr class=\"required\" title=\"required\">*<\/abbr><\/label> <input name=\"avia_2_1\" class=\"text_input is_email\" type=\"text\" id=\"avia_2_1\" value=\"\" \/><\/p><p class='  first_form  form_element form_fullwidth' id='element_avia_3_1'><label for=\"avia_3_1\" class=\"textare_label hidden textare_label_avia_3_1\">Nachricht <abbr class=\"required\" title=\"required\">*<\/abbr><\/label><textarea  name=\"avia_3_1\" class=\"text_area is_empty\" cols=\"40\" rows=\"7\" id=\"avia_3_1\" ><\/textarea><\/p><p class=\"hidden\"><input type=\"text\" name=\"avia_4_1\" class=\"hidden \" id=\"avia_4_1\" value=\"\" \/><\/p><p class='   form_element form_fullwidth' id='element_avia_5_1'><span class='value_verifier_label'>0 + 2 = ?<\/span><input name=\"avia_5_1_verifier\" type=\"hidden\" id=\"avia_5_1_verifier\" value=\"162775532\"\/><label for=\"avia_5_1\">Please prove that you are human by solving the equation <abbr class=\"required\" title=\"required\">*<\/abbr><\/label><input name=\"avia_5_1\" class=\"text_input captcha\" type=\"text\" id=\"avia_5_1\" value=\"\"\/><\/p><p class=\"form_element \"><input type=\"hidden\" value=\"1\" name=\"avia_generated_form1\" \/><input type=\"submit\" value=\"Senden\" class=\"button\"  data-sending-label=\"Sending\"\/><\/p><\/fieldset><\/form><div id=\"ajaxresponse_1\" class=\"ajaxresponse ajaxresponse_1 hidden\"><\/div><\/div>\n<div  class='flex_column av-2t293-9eb942e52a9f42417ceec41da27eab9e av_one_third  avia-builder-el-14  el_after_av_one_third  el_before_av_hr  flex_column_div  column-top-margin'     ><\/div>\n\n<style type=\"text\/css\" data-created_by=\"avia_inline_auto\" id=\"style-css-av-190ff-76e890a2685cb0f8e49cede313a650d6\">\n#top .hr.hr-invisible.av-190ff-76e890a2685cb0f8e49cede313a650d6{\nheight:50px;\n}\n<\/style>\n<div  class='hr av-190ff-76e890a2685cb0f8e49cede313a650d6 hr-invisible  avia-builder-el-15  el_after_av_one_third  el_before_av_slideshow_full  avia-builder-el-last '><span class='hr-inner '><span class=\"hr-inner-style\"><\/span><\/span><\/div>\n<\/div><\/div><\/div><!-- close content main div --><\/div><\/div><div id='full_slider_1'  class='avia-fullwidth-slider main_color avia-shadow   avia-builder-el-16  el_after_av_hr  avia-builder-el-last   slider-not-first container_wrap sidebar_right'  ><div  class='avia-slideshow av-l5jac1ix-13cfadb5834d45621e890702be132f13 avia-slideshow-featured av_slideshow_full avia-slide-slider av-slideshow-ui av-control-default av-slideshow-manual av-loop-once av-loop-manual-endless av-default-height-applied   avia-slideshow-1' data-slideshow-options=\"{&quot;animation&quot;:&quot;slide&quot;,&quot;autoplay&quot;:false,&quot;loop_autoplay&quot;:&quot;once&quot;,&quot;interval&quot;:5,&quot;loop_manual&quot;:&quot;manual-endless&quot;,&quot;autoplay_stopper&quot;:false,&quot;noNavigation&quot;:false,&quot;bg_slider&quot;:false,&quot;keep_padding&quot;:false,&quot;hoverpause&quot;:false,&quot;show_slide_delay&quot;:0}\"  itemprop=\"image\" itemscope=\"itemscope\" itemtype=\"https:\/\/schema.org\/ImageObject\" ><ul class='avia-slideshow-inner ' style='padding-bottom: 43.832823649337%;'><li  class='avia-slideshow-slide av-l5jac1ix-13cfadb5834d45621e890702be132f13__0  av-single-slide slide-1 slide-odd'><div data-rel='slideshow-1' class='avia-slide-wrap '   ><img decoding=\"async\" fetchpriority=\"high\" class=\"wp-image-611 avia-img-lazy-loading-not-611\"  src=\"https:\/\/verkleiderei.ch\/wp-content\/uploads\/2022\/10\/Foto-ElanPark-scaled.jpg\" width=\"981\" height=\"430\" title='Foto ElanPark' alt=''  itemprop=\"thumbnailUrl\" srcset=\"https:\/\/verkleiderei.ch\/wp-content\/uploads\/2022\/10\/Foto-ElanPark-scaled.jpg 2560w, https:\/\/verkleiderei.ch\/wp-content\/uploads\/2022\/10\/Foto-ElanPark-300x132.jpg 300w\" sizes=\"(max-width: 981px) 100vw, 981px\" \/><\/div><\/li><\/ul><\/div><\/div>\n","protected":false},"excerpt":{"rendered":"","protected":false},"author":3,"featured_media":0,"parent":0,"menu_order":0,"comment_status":"closed","ping_status":"closed","template":"","meta":{"footnotes":""},"class_list":["post-75","page","type-page","status-publish","hentry"],"_links":{"self":[{"href":"https:\/\/verkleiderei.ch\/index.php\/wp-json\/wp\/v2\/pages\/75","targetHints":{"allow":["GET"]}}],"collection":[{"href":"https:\/\/verkleiderei.ch\/index.php\/wp-json\/wp\/v2\/pages"}],"about":[{"href":"https:\/\/verkleiderei.ch\/index.php\/wp-json\/wp\/v2\/types\/page"}],"author":[{"embeddable":true,"href":"https:\/\/verkleiderei.ch\/index.php\/wp-json\/wp\/v2\/users\/3"}],"replies":[{"embeddable":true,"href":"https:\/\/verkleiderei.ch\/index.php\/wp-json\/wp\/v2\/comments?post=75"}],"version-history":[{"count":4,"href":"https:\/\/verkleiderei.ch\/index.php\/wp-json\/wp\/v2\/pages\/75\/revisions"}],"predecessor-version":[{"id":1146,"href":"https:\/\/verkleiderei.ch\/index.php\/wp-json\/wp\/v2\/pages\/75\/revisions\/1146"}],"wp:attachment":[{"href":"https:\/\/verkleiderei.ch\/index.php\/wp-json\/wp\/v2\/media?parent=75"}],"curies":[{"name":"wp","href":"https:\/\/api.w.org\/{rel}","templated":true}]}}