{"id":257,"date":"2022-01-29T16:30:16","date_gmt":"2022-01-29T15:30:16","guid":{"rendered":"https:\/\/verkleiderei.ch\/?page_id=257"},"modified":"2022-10-19T07:53:13","modified_gmt":"2022-10-19T06:53:13","slug":"krimidinner","status":"publish","type":"page","link":"https:\/\/verkleiderei.ch\/index.php\/krimidinner\/","title":{"rendered":"Krimidinner"},"content":{"rendered":"\n<style type=\"text\/css\" data-created_by=\"avia_inline_auto\" id=\"style-css-av-kyzxjh0v-0d061c5b632ba31f162b964ef358da3f\">\n#top .av_textblock_section.av-kyzxjh0v-0d061c5b632ba31f162b964ef358da3f .avia_textblock{\nfont-size:17px;\ntext-align:center;\n}\n<\/style>\n<section  class='av_textblock_section av-kyzxjh0v-0d061c5b632ba31f162b964ef358da3f '   itemscope=\"itemscope\" itemtype=\"https:\/\/schema.org\/CreativeWork\" ><div class='avia_textblock'  itemprop=\"text\" ><p style=\"text-align: center;\"><strong>In der Verkleiderei sind alle Spiel-Sets der &#8220;M\u00f6rderischen Dinnerparty&#8221; erh\u00e4ltlich.<br \/>\n<\/strong><strong>Beim Kauf erhalten Gastgeber und die geladenen G\u00e4ste 10 Prozent Rabatt auf Outfits oder einzelne Accessoires.<br \/>\nDies ist lediglich ein Angebot und steht beim Erwerb keineswegs mit Verpflichtungen in Verbindung.<\/strong><\/p>\n<\/div><\/section>\n<div  class='hr av-apdnl-ac6d000b1bedc4836fc95580848fc53e hr-default  avia-builder-el-1  el_after_av_textblock  el_before_av_textblock '><span class='hr-inner '><span class=\"hr-inner-style\"><\/span><\/span><\/div>\n\n<style type=\"text\/css\" data-created_by=\"avia_inline_auto\" id=\"style-css-av-kz00qigq-52b9ba78120b2f0669d2eeb43b1982a3\">\n#top .av_textblock_section.av-kz00qigq-52b9ba78120b2f0669d2eeb43b1982a3 .avia_textblock{\nfont-size:17px;\ntext-align:center;\n}\n<\/style>\n<section  class='av_textblock_section av-kz00qigq-52b9ba78120b2f0669d2eeb43b1982a3 '   itemscope=\"itemscope\" itemtype=\"https:\/\/schema.org\/CreativeWork\" ><div class='avia_textblock'  itemprop=\"text\" ><p style=\"text-align: center;\"><strong>Der rote Engel<\/strong><br \/>\nBerlin 1928<\/p>\n<p style=\"text-align: center;\"><strong>Totentanz auf der Titanic<\/strong><br \/>\nNordatlantik 1912<\/p>\n<p style=\"text-align: center;\"><strong>Der Pate von Chicago<\/strong><br \/>\nChicago 1933<\/p>\n<p style=\"text-align: center;\"><strong>Der Fluch der gr\u00fcnen Dame<\/strong><br \/>\nCornwall 1953<\/p>\n<p style=\"text-align: center;\"><strong>Galopp in den Tod<\/strong><br \/>\nGrossbritannien 1972<\/p>\n<p style=\"text-align: center;\"><strong>Das R\u00e4tsel der blutigen Schere<\/strong><br \/>\nParis 1965<\/p>\n<p style=\"text-align: center;\"><strong>Mord in Shanghai<\/strong><br \/>\nShanghai 1930<\/p>\n<p style=\"text-align: center;\"><strong>Der Fluch des Pharaos<\/strong><br \/>\n\u00c4gypten 1922<\/p>\n<p style=\"text-align: center;\"><strong>Tod im London-Express<\/strong><br \/>\nGrossbritannien 1936<\/p>\n<p style=\"text-align: center;\"><strong>Die Stimme aus dem Jenseits<\/strong><br \/>\nLondon 1951<\/p>\n<p style=\"text-align: center;\"><strong>T\u00f6dliches Alpengl\u00fchn<\/strong><br \/>\nIm Allg\u00e4u,\u00a0Gegenwart<\/p>\n<\/div><\/section>\n<div  class='hr av-em9ex-fcef8269a893ae91fa405bfd7ff42fa7 hr-default  avia-builder-el-3  el_after_av_textblock  el_before_av_textblock '><span class='hr-inner '><span class=\"hr-inner-style\"><\/span><\/span><\/div>\n\n<style type=\"text\/css\" data-created_by=\"avia_inline_auto\" id=\"style-css-av-kyzxt7an-fabecd8c5147e8a193b727b467112742\">\n#top .av_textblock_section.av-kyzxt7an-fabecd8c5147e8a193b727b467112742 .avia_textblock{\nfont-size:16px;\ntext-align:center;\n}\n<\/style>\n<section  class='av_textblock_section av-kyzxt7an-fabecd8c5147e8a193b727b467112742 '   itemscope=\"itemscope\" itemtype=\"https:\/\/schema.org\/CreativeWork\" ><div class='avia_textblock'  itemprop=\"text\" ><p style=\"text-align: center;\">Du hast das noch nie gemacht ? So funktioniert&#8217;s.<\/p>\n<p style=\"text-align: center;\">Jede teilnehmende Person \u00fcbernimmt die Rolle eines Verd\u00e4chtigen in einem Mordfall. Im Verlaufe des Abends geht es darum den T\u00e4ter zu entlarven, was kein Kinderspiel ist !<\/p>\n<p style=\"text-align: center;\">Die Einladung zum Krimidinner wird vom Gastgeber im Voraus per Post versendet. Darin wird der Mordfall und alle Verd\u00e4chtigen vorgestellt. Ausserdem gibt es f\u00fcr jede Rolle einen Kost\u00fcmvorschlag, damit du dich passend zu deinem Charakter einkleiden kannst. Mehr brauchst du nicht zur Vorbereitung! Alles andere erf\u00e4hrt man am Spielabend selbst.<\/p>\n<p style=\"text-align: center;\">Am jeweiligen Abend erh\u00e4ltst du ein Rollenheft. In dem erf\u00e4hrst du nicht nur dein pers\u00f6nliches Mordmotiv, es begleitet dich auch durch den Abend. F\u00fcr jede Runde gibt es dir Aufgaben mit auf den Weg \u2013 aber auch Verteidigungsstrategien, falls die anderen dich verd\u00e4chtigen.<\/p>\n<p style=\"text-align: center;\">Das Krimidinner besteht aus mehreren Runden, in denen sich Audiost\u00fccke vom Ermittler, Dialogszenen sowie die Essensg\u00e4nge abwechseln. Das Spiel nimmt einen ganzen Abend ein und kann zwischen 3 und 5 Stunden dauern.<\/p>\n<p style=\"text-align: center;\">Die Spiele sind f\u00fcr 6 bis 8 Personen. Bei 10 Personen stehen zwei Zusatzrollen zum Download zur Verf\u00fcgung.<\/p>\n<\/div><\/section>\n","protected":false},"excerpt":{"rendered":"","protected":false},"author":3,"featured_media":0,"parent":0,"menu_order":0,"comment_status":"closed","ping_status":"closed","template":"","meta":{"footnotes":""},"class_list":["post-257","page","type-page","status-publish","hentry"],"_links":{"self":[{"href":"https:\/\/verkleiderei.ch\/index.php\/wp-json\/wp\/v2\/pages\/257","targetHints":{"allow":["GET"]}}],"collection":[{"href":"https:\/\/verkleiderei.ch\/index.php\/wp-json\/wp\/v2\/pages"}],"about":[{"href":"https:\/\/verkleiderei.ch\/index.php\/wp-json\/wp\/v2\/types\/page"}],"author":[{"embeddable":true,"href":"https:\/\/verkleiderei.ch\/index.php\/wp-json\/wp\/v2\/users\/3"}],"replies":[{"embeddable":true,"href":"https:\/\/verkleiderei.ch\/index.php\/wp-json\/wp\/v2\/comments?post=257"}],"version-history":[{"count":0,"href":"https:\/\/verkleiderei.ch\/index.php\/wp-json\/wp\/v2\/pages\/257\/revisions"}],"wp:attachment":[{"href":"https:\/\/verkleiderei.ch\/index.php\/wp-json\/wp\/v2\/media?parent=257"}],"curies":[{"name":"wp","href":"https:\/\/api.w.org\/{rel}","templated":true}]}}